{"id":3074,"date":"2024-09-03T12:21:03","date_gmt":"2024-09-03T12:21:03","guid":{"rendered":"https:\/\/aenkthuis.nl\/?post_type=product&#038;p=3074"},"modified":"2024-12-23T15:20:36","modified_gmt":"2024-12-23T15:20:36","slug":"nr-29-september-2024","status":"publish","type":"product","link":"https:\/\/staging.inkudelstaart.nl\/en\/product\/nr-29-september-2024\/","title":{"rendered":"4: Nr. 29 &#8211; september 2024"},"content":{"rendered":"<p>We rollen van de ene uitzondering in de andere als het gaat om weersomstandigheden. De warmste 1 september ooit, het natste voorjaar&#8230; noem maar op. Maar wat iedere maand trouw blijft, is de superdikke, vrolijke en gezellige A&amp;K Thuis. We zijn heel benieuwd of jij het blad ook net zo mooi vindt als wij.<\/p>\n<p>Haak aan bij de nieuwe columns van Femke, Milou, Tineke en vele anderen. Robert is er helaas deze maand niet bij, zowel hij als Tjeerd zijn door persoonlijke omstandigheden even afwezig. Maar alle anderen zijn er uiteraard wel, net als Sylvia Bakker over het Oosterbad, de Damesclub en Wim Been. Het digitaal caf\u00e9 bestaat al 25 jaar, maar wie zijn het en wat doen ze daar eigenlijk? Gert Jan Maarssen heeft weer een prachtige nieuwe watertoren aan zijn assortiment toegevoegd en (bijna al) zijn artikelen zijn voortaan exclusief te koop via de webshop van A&amp;K Thuis. Neem maar eens een kijkje. Dit en nog v\u00e9\u00e9l en v\u00e9\u00e9l meer in het dikke septembernummer.<\/p>\n<p>&nbsp;<\/p>","protected":false},"excerpt":{"rendered":"<p>We rollen van de ene uitzondering in de andere als het gaat om weersomstandigheden. De warmste 1 september ooit, het natste voorjaar&#8230; noem maar op. Maar wat iedere maand trouw blijft, is de superdikke, vrolijke en gezellige A&amp;K Thuis. We zijn heel benieuwd of jij het blad ook net zo mooi vindt als wij. Haak [&hellip;]<\/p>","protected":false},"featured_media":3073,"comment_status":"closed","ping_status":"closed","template":"","meta":{"pmpro_default_level":""},"product_brand":[],"product_cat":[40],"product_tag":[],"class_list":{"0":"post-3074","1":"product","2":"type-product","3":"status-publish","4":"has-post-thumbnail","6":"product_cat-losse-editie-ak-thuis-normale-lettergrote","7":"product_shipping_class-post","8":"pmpro-has-access","10":"first","11":"instock","12":"taxable","13":"shipping-taxable","14":"purchasable","15":"product-type-simple"},"yoast_head":"<!-- This site is optimized with the Yoast SEO plugin v26.8 - https:\/\/yoast.com\/product\/yoast-seo-wordpress\/ -->\n<title>4: Nr. 29 - september 2024 - InKudelstaart<\/title>\n<meta name=\"robots\" content=\"index, follow, max-snippet:-1, max-image-preview:large, max-video-preview:-1\" \/>\n<link rel=\"canonical\" href=\"https:\/\/staging.inkudelstaart.nl\/en\/product\/nr-29-september-2024\/\" \/>\n<meta property=\"og:locale\" content=\"en_US\" \/>\n<meta property=\"og:type\" content=\"article\" \/>\n<meta property=\"og:title\" content=\"4: Nr. 29 - september 2024 - InKudelstaart\" \/>\n<meta property=\"og:description\" content=\"We rollen van de ene uitzondering in de andere als het gaat om weersomstandigheden. De warmste 1 september ooit, het natste voorjaar&#8230; noem maar op. Maar wat iedere maand trouw blijft, is de superdikke, vrolijke en gezellige A&amp;K Thuis. We zijn heel benieuwd of jij het blad ook net zo mooi vindt als wij. Haak [&hellip;]\" \/>\n<meta property=\"og:url\" content=\"https:\/\/staging.inkudelstaart.nl\/en\/product\/nr-29-september-2024\/\" \/>\n<meta property=\"og:site_name\" content=\"InKudelstaart\" \/>\n<meta property=\"article:modified_time\" content=\"2024-12-23T15:20:36+00:00\" \/>\n<meta property=\"og:image\" content=\"https:\/\/staging.inkudelstaart.nl\/wp-content\/uploads\/2024\/09\/September-AK-Thuis-vp.jpg\" \/>\n\t<meta property=\"og:image:width\" content=\"1414\" \/>\n\t<meta property=\"og:image:height\" content=\"2000\" \/>\n\t<meta property=\"og:image:type\" content=\"image\/jpeg\" \/>\n<meta name=\"twitter:card\" content=\"summary_large_image\" \/>\n<meta name=\"twitter:label1\" content=\"Est. reading time\" \/>\n\t<meta name=\"twitter:data1\" content=\"2 minutes\" \/>\n<script type=\"application\/ld+json\" class=\"yoast-schema-graph\">{\"@context\":\"https:\/\/schema.org\",\"@graph\":[{\"@type\":\"WebPage\",\"@id\":\"https:\/\/staging.inkudelstaart.nl\/product\/nr-29-september-2024\/\",\"url\":\"https:\/\/staging.inkudelstaart.nl\/product\/nr-29-september-2024\/\",\"name\":\"4: Nr. 29 - september 2024 - InKudelstaart\",\"isPartOf\":{\"@id\":\"https:\/\/staging.inkudelstaart.nl\/#website\"},\"primaryImageOfPage\":{\"@id\":\"https:\/\/staging.inkudelstaart.nl\/product\/nr-29-september-2024\/#primaryimage\"},\"image\":{\"@id\":\"https:\/\/staging.inkudelstaart.nl\/product\/nr-29-september-2024\/#primaryimage\"},\"thumbnailUrl\":\"https:\/\/staging.inkudelstaart.nl\/wp-content\/uploads\/2024\/09\/September-AK-Thuis-vp.jpg\",\"datePublished\":\"2024-09-03T12:21:03+00:00\",\"dateModified\":\"2024-12-23T15:20:36+00:00\",\"breadcrumb\":{\"@id\":\"https:\/\/staging.inkudelstaart.nl\/product\/nr-29-september-2024\/#breadcrumb\"},\"inLanguage\":\"en-US\",\"potentialAction\":[{\"@type\":\"ReadAction\",\"target\":[\"https:\/\/staging.inkudelstaart.nl\/product\/nr-29-september-2024\/\"]}]},{\"@type\":\"ImageObject\",\"inLanguage\":\"en-US\",\"@id\":\"https:\/\/staging.inkudelstaart.nl\/product\/nr-29-september-2024\/#primaryimage\",\"url\":\"https:\/\/staging.inkudelstaart.nl\/wp-content\/uploads\/2024\/09\/September-AK-Thuis-vp.jpg\",\"contentUrl\":\"https:\/\/staging.inkudelstaart.nl\/wp-content\/uploads\/2024\/09\/September-AK-Thuis-vp.jpg\",\"width\":1414,\"height\":2000},{\"@type\":\"BreadcrumbList\",\"@id\":\"https:\/\/staging.inkudelstaart.nl\/product\/nr-29-september-2024\/#breadcrumb\",\"itemListElement\":[{\"@type\":\"ListItem\",\"position\":1,\"name\":\"Home\",\"item\":\"https:\/\/staging.inkudelstaart.nl\/\"},{\"@type\":\"ListItem\",\"position\":2,\"name\":\"Shop\",\"item\":\"https:\/\/staging.inkudelstaart.nl\/en\/shop\/\"},{\"@type\":\"ListItem\",\"position\":3,\"name\":\"4: Nr. 29 &#8211; september 2024\"}]},{\"@type\":\"WebSite\",\"@id\":\"https:\/\/staging.inkudelstaart.nl\/#website\",\"url\":\"https:\/\/staging.inkudelstaart.nl\/\",\"name\":\"AenK THUIS\",\"description\":\"H&eacute;t gezelligste blad van, voor en in Kudelstaart\",\"publisher\":{\"@id\":\"https:\/\/staging.inkudelstaart.nl\/#organization\"},\"potentialAction\":[{\"@type\":\"SearchAction\",\"target\":{\"@type\":\"EntryPoint\",\"urlTemplate\":\"https:\/\/staging.inkudelstaart.nl\/?s={search_term_string}\"},\"query-input\":{\"@type\":\"PropertyValueSpecification\",\"valueRequired\":true,\"valueName\":\"search_term_string\"}}],\"inLanguage\":\"en-US\"},{\"@type\":\"Organization\",\"@id\":\"https:\/\/staging.inkudelstaart.nl\/#organization\",\"name\":\"AenK THUIS\",\"url\":\"https:\/\/staging.inkudelstaart.nl\/\",\"logo\":{\"@type\":\"ImageObject\",\"inLanguage\":\"en-US\",\"@id\":\"https:\/\/staging.inkudelstaart.nl\/#\/schema\/logo\/image\/\",\"url\":\"https:\/\/staging.inkudelstaart.nl\/wp-content\/uploads\/2024\/04\/cropped-logos-1.png\",\"contentUrl\":\"https:\/\/staging.inkudelstaart.nl\/wp-content\/uploads\/2024\/04\/cropped-logos-1.png\",\"width\":998,\"height\":978,\"caption\":\"AenK THUIS\"},\"image\":{\"@id\":\"https:\/\/staging.inkudelstaart.nl\/#\/schema\/logo\/image\/\"}}]}<\/script>\n<!-- \/ Yoast SEO plugin. -->","yoast_head_json":{"title":"4: Nr. 29 - september 2024 - InKudelstaart","robots":{"index":"index","follow":"follow","max-snippet":"max-snippet:-1","max-image-preview":"max-image-preview:large","max-video-preview":"max-video-preview:-1"},"canonical":"https:\/\/staging.inkudelstaart.nl\/en\/product\/nr-29-september-2024\/","og_locale":"en_US","og_type":"article","og_title":"4: Nr. 29 - september 2024 - InKudelstaart","og_description":"We rollen van de ene uitzondering in de andere als het gaat om weersomstandigheden. De warmste 1 september ooit, het natste voorjaar&#8230; noem maar op. Maar wat iedere maand trouw blijft, is de superdikke, vrolijke en gezellige A&amp;K Thuis. We zijn heel benieuwd of jij het blad ook net zo mooi vindt als wij. Haak [&hellip;]","og_url":"https:\/\/staging.inkudelstaart.nl\/en\/product\/nr-29-september-2024\/","og_site_name":"InKudelstaart","article_modified_time":"2024-12-23T15:20:36+00:00","og_image":[{"width":1414,"height":2000,"url":"https:\/\/staging.inkudelstaart.nl\/wp-content\/uploads\/2024\/09\/September-AK-Thuis-vp.jpg","type":"image\/jpeg"}],"twitter_card":"summary_large_image","twitter_misc":{"Est. reading time":"2 minutes"},"schema":{"@context":"https:\/\/schema.org","@graph":[{"@type":"WebPage","@id":"https:\/\/staging.inkudelstaart.nl\/product\/nr-29-september-2024\/","url":"https:\/\/staging.inkudelstaart.nl\/product\/nr-29-september-2024\/","name":"4: Nr. 29 - september 2024 - InKudelstaart","isPartOf":{"@id":"https:\/\/staging.inkudelstaart.nl\/#website"},"primaryImageOfPage":{"@id":"https:\/\/staging.inkudelstaart.nl\/product\/nr-29-september-2024\/#primaryimage"},"image":{"@id":"https:\/\/staging.inkudelstaart.nl\/product\/nr-29-september-2024\/#primaryimage"},"thumbnailUrl":"https:\/\/staging.inkudelstaart.nl\/wp-content\/uploads\/2024\/09\/September-AK-Thuis-vp.jpg","datePublished":"2024-09-03T12:21:03+00:00","dateModified":"2024-12-23T15:20:36+00:00","breadcrumb":{"@id":"https:\/\/staging.inkudelstaart.nl\/product\/nr-29-september-2024\/#breadcrumb"},"inLanguage":"en-US","potentialAction":[{"@type":"ReadAction","target":["https:\/\/staging.inkudelstaart.nl\/product\/nr-29-september-2024\/"]}]},{"@type":"ImageObject","inLanguage":"en-US","@id":"https:\/\/staging.inkudelstaart.nl\/product\/nr-29-september-2024\/#primaryimage","url":"https:\/\/staging.inkudelstaart.nl\/wp-content\/uploads\/2024\/09\/September-AK-Thuis-vp.jpg","contentUrl":"https:\/\/staging.inkudelstaart.nl\/wp-content\/uploads\/2024\/09\/September-AK-Thuis-vp.jpg","width":1414,"height":2000},{"@type":"BreadcrumbList","@id":"https:\/\/staging.inkudelstaart.nl\/product\/nr-29-september-2024\/#breadcrumb","itemListElement":[{"@type":"ListItem","position":1,"name":"Home","item":"https:\/\/staging.inkudelstaart.nl\/"},{"@type":"ListItem","position":2,"name":"Shop","item":"https:\/\/staging.inkudelstaart.nl\/en\/shop\/"},{"@type":"ListItem","position":3,"name":"4: Nr. 29 &#8211; september 2024"}]},{"@type":"WebSite","@id":"https:\/\/staging.inkudelstaart.nl\/#website","url":"https:\/\/staging.inkudelstaart.nl\/","name":"AenK THUIS","description":"H&eacute;t gezelligste blad van, voor en in Kudelstaart","publisher":{"@id":"https:\/\/staging.inkudelstaart.nl\/#organization"},"potentialAction":[{"@type":"SearchAction","target":{"@type":"EntryPoint","urlTemplate":"https:\/\/staging.inkudelstaart.nl\/?s={search_term_string}"},"query-input":{"@type":"PropertyValueSpecification","valueRequired":true,"valueName":"search_term_string"}}],"inLanguage":"en-US"},{"@type":"Organization","@id":"https:\/\/staging.inkudelstaart.nl\/#organization","name":"AenK THUIS","url":"https:\/\/staging.inkudelstaart.nl\/","logo":{"@type":"ImageObject","inLanguage":"en-US","@id":"https:\/\/staging.inkudelstaart.nl\/#\/schema\/logo\/image\/","url":"https:\/\/staging.inkudelstaart.nl\/wp-content\/uploads\/2024\/04\/cropped-logos-1.png","contentUrl":"https:\/\/staging.inkudelstaart.nl\/wp-content\/uploads\/2024\/04\/cropped-logos-1.png","width":998,"height":978,"caption":"AenK THUIS"},"image":{"@id":"https:\/\/staging.inkudelstaart.nl\/#\/schema\/logo\/image\/"}}]}},"_links":{"self":[{"href":"https:\/\/staging.inkudelstaart.nl\/en\/wp-json\/wp\/v2\/product\/3074","targetHints":{"allow":["GET"]}}],"collection":[{"href":"https:\/\/staging.inkudelstaart.nl\/en\/wp-json\/wp\/v2\/product"}],"about":[{"href":"https:\/\/staging.inkudelstaart.nl\/en\/wp-json\/wp\/v2\/types\/product"}],"replies":[{"embeddable":true,"href":"https:\/\/staging.inkudelstaart.nl\/en\/wp-json\/wp\/v2\/comments?post=3074"}],"wp:featuredmedia":[{"embeddable":true,"href":"https:\/\/staging.inkudelstaart.nl\/en\/wp-json\/wp\/v2\/media\/3073"}],"wp:attachment":[{"href":"https:\/\/staging.inkudelstaart.nl\/en\/wp-json\/wp\/v2\/media?parent=3074"}],"wp:term":[{"taxonomy":"product_brand","embeddable":true,"href":"https:\/\/staging.inkudelstaart.nl\/en\/wp-json\/wp\/v2\/product_brand?post=3074"},{"taxonomy":"product_cat","embeddable":true,"href":"https:\/\/staging.inkudelstaart.nl\/en\/wp-json\/wp\/v2\/product_cat?post=3074"},{"taxonomy":"product_tag","embeddable":true,"href":"https:\/\/staging.inkudelstaart.nl\/en\/wp-json\/wp\/v2\/product_tag?post=3074"}],"curies":[{"name":"wp","href":"https:\/\/api.w.org\/{rel}","templated":true}]}}